{"id":4613,"date":"2022-08-15T15:32:10","date_gmt":"2022-08-15T13:32:10","guid":{"rendered":"http:\/\/elegorehealthcare.com\/?post_type=product&#038;p=4613"},"modified":"2022-10-12T13:02:23","modified_gmt":"2022-10-12T11:02:23","slug":"gemisan-ex","status":"publish","type":"product","link":"https:\/\/elegorehealthcare.com\/pl\/product\/gemisan-ex\/","title":{"rendered":"Gemisan-EX\u00ae"},"content":{"rendered":"","protected":false},"excerpt":{"rendered":"<p>Wspomaga prawid\u0142ow\u0105 prac\u0119 jelit<\/p>","protected":false},"featured_media":6256,"template":"","meta":[],"product_cat":[76,32],"product_tag":[111],"class_list":["post-4613","product","type-product","status-publish","has-post-thumbnail","hentry","product_cat-g","product_cat-nutraceuticals","product_tag-git-health"],"acf":[],"_links":{"self":[{"href":"https:\/\/elegorehealthcare.com\/pl\/wp-json\/wp\/v2\/product\/4613","targetHints":{"allow":["GET"]}}],"collection":[{"href":"https:\/\/elegorehealthcare.com\/pl\/wp-json\/wp\/v2\/product"}],"about":[{"href":"https:\/\/elegorehealthcare.com\/pl\/wp-json\/wp\/v2\/types\/product"}],"wp:featuredmedia":[{"embeddable":true,"href":"https:\/\/elegorehealthcare.com\/pl\/wp-json\/wp\/v2\/media\/6256"}],"wp:attachment":[{"href":"https:\/\/elegorehealthcare.com\/pl\/wp-json\/wp\/v2\/media?parent=4613"}],"wp:term":[{"taxonomy":"product_cat","embeddable":true,"href":"https:\/\/elegorehealthcare.com\/pl\/wp-json\/wp\/v2\/product_cat?post=4613"},{"taxonomy":"product_tag","embeddable":true,"href":"https:\/\/elegorehealthcare.com\/pl\/wp-json\/wp\/v2\/product_tag?post=4613"}],"curies":[{"name":"wp","href":"https:\/\/api.w.org\/{rel}","templated":true}]}}